{"id":487,"date":"2023-11-16T17:29:21","date_gmt":"2023-11-16T16:29:21","guid":{"rendered":"https:\/\/www.folka-danse-vendee.fr\/?page_id=487"},"modified":"2023-11-26T01:05:49","modified_gmt":"2023-11-26T00:05:49","slug":"danses-poitevines","status":"publish","type":"page","link":"https:\/\/www.folka-danse-vendee.fr\/index.php\/les-danses-trad\/danses-poitevines\/","title":{"rendered":"Danses Poitevines"},"content":{"rendered":"<p style=\"text-align: center;\"><em>Cette page n&rsquo;a pas de pr\u00e9tention particuli\u00e8re. Elle sert juste de support de base aux danseurs afin qu&rsquo;ils puissent retrouver des danses rencontr\u00e9es en Stage, en Bal Folk, ou en Fest-Noz. Certaines danses peuvent \u00eatre enseign\u00e9es de diff\u00e9rentes fa\u00e7ons par des personnes toutes aussi s\u00fbres de transmettre la \u00ab\u00a0vraie forme\u00a0\u00bb.\u00a0 Il n&rsquo;y a pas toujours de v\u00e9rit\u00e9 absolue.<\/em><\/p>\n<p style=\"text-align: center;\"><em>Ces danses sont au programme dans diff\u00e9rents ateliers danses, mais se feront id\u00e9alement en Bal Folk ou Fest-Noz, ou encore dans des stages. Ces \u00e9v\u00e9nements sont annonc\u00e9s dans le Calendrier Trad, cela reste la seule fa\u00e7on de bien apprendre et surtout de pratiquer ces danses en toutes convivialit\u00e9s.<\/em><\/p>\n<p>&nbsp;<\/p>\n<p style=\"text-align: center;\"><a class=\"maxbutton-5 maxbutton maxbutton-danses-poitevines\" href=\"https:\/\/www.folka-danse-vendee.fr\/index.php\/les-danses-trad\/danses-poitevines\/\"><span class='mb-text'>Danses Poitevines<\/span><\/a>\u00a0 <a class=\"maxbutton-6 maxbutton maxbutton-danses-bretonnes\" href=\"https:\/\/www.folka-danse-vendee.fr\/index.php\/les-danses-trad\/danses-bretonnes\/\"><span class='mb-text'>Danses Bretonnes<\/span><\/a>\u00a0 <a class=\"maxbutton-7 maxbutton maxbutton-danses-d-autres-regions\" href=\"https:\/\/www.folka-danse-vendee.fr\/index.php\/les-danses-trad\/danses-autres-regions\/\"><span class='mb-text'>Danses d\u2019autres r\u00e9gions<\/span><\/a>\u00a0 <a class=\"maxbutton-8 maxbutton maxbutton-danses-de-pays-etrangers\" href=\"https:\/\/www.folka-danse-vendee.fr\/index.php\/les-danses-trad\/danses-de-pays-etrangers\/\"><span class='mb-text'>Danses de pays \u00e9trangers<\/span><\/a><\/p>\n<p>&nbsp;<\/p>\n<h3><span style=\"color: #ff6600;\"><strong>Mara\u00eechine<\/strong><\/span><\/h3>\n<div style=\"width: 1920px;\" class=\"wp-video\"><video class=\"wp-video-shortcode\" id=\"video-487-1\" width=\"1920\" height=\"1080\" preload=\"metadata\" controls=\"controls\"><source type=\"video\/mp4\" src=\"https:\/\/www.folka-danse-vendee.fr\/wp-content\/uploads\/2023\/11\/Maraichine.mp4?_=1\" \/><a href=\"https:\/\/www.folka-danse-vendee.fr\/wp-content\/uploads\/2023\/11\/Maraichine.mp4\">https:\/\/www.folka-danse-vendee.fr\/wp-content\/uploads\/2023\/11\/Maraichine.mp4<\/a><\/video><\/div>\n<p>&nbsp;<\/p>\n<h4><strong>Pr\u00e9sentation de la Danse :<\/strong><\/h4>\n<p>La mara\u00eechine est une danse originaire du marais breton. Il en existe plusieurs formes en Vend\u00e9e et en pays de Retz. Les Fr\u00e8res Martel, groupe folklorique du\u00a0Bois de C\u00e9n\u00e9 ont \u00e9t\u00e9 les premiers \u00e0 laisser une trace \u00e9crite de comment ils\u00a0dansaient la mara\u00eechine autrefois. La danse est structur\u00e9e en deux parties\u00a0distinctes de 16 temps chacune. Elle comporte une partie en rond et une\u00a0partie en couple. On peut y inclure des figures dans la deuxi\u00e8me partie. Plus\u00a0rarement, elle peut \u00eatre dans\u00e9e en cha\u00eene ou sur deux fronts.<\/p>\n<p>En couple dans un cercle ferm\u00e9.<\/p>\n<p><strong>Premi\u00e8re partie : (R\u00e9p\u00e9t\u00e9 deux fois)<\/strong><\/p>\n<ul>\n<li>Tout le monde est face au centre. On commence en reculant.<\/li>\n<li>Pas de mara\u00eechine vers l`arri\u00e8re 1 et 2 3 4: en reculant (cercle s&rsquo;agrandit)<\/li>\n<li>Pas de mara\u00eechine vers l`arri\u00e8re 1 et 2 3 4: en avan\u00e7ant (cercle se r\u00e9tr\u00e9cit)<\/li>\n<\/ul>\n<p><strong>Deuxi\u00e8me Partie :<\/strong><\/p>\n<p>Chaque cavalier va vers sa cavali\u00e8re, ils s&rsquo;enlacent (invitation) et effectuent le pas en tournant sur place dans le sens des aiguilles d&rsquo;une montre. A la fin des\u00a016 temps, les couples raboutent (les bras qui pointent vers le centre) et la\u00a0ronde se reforme.<\/p>\n<p>&nbsp;<\/p>\n<h3><span style=\"color: #ff6600;\"><strong>Autre variante de la mara\u00eechine avec \u00ab\u00a0Les Cr\u00eapes\u00a0\u00bb :<\/strong> <\/span><\/h3>\n<div style=\"width: 1920px;\" class=\"wp-video\"><video class=\"wp-video-shortcode\" id=\"video-487-2\" width=\"1920\" height=\"1080\" preload=\"metadata\" controls=\"controls\"><source type=\"video\/mp4\" src=\"https:\/\/www.folka-danse-vendee.fr\/wp-content\/uploads\/2023\/11\/Maraichine-crepe.mp4?_=2\" \/><a href=\"https:\/\/www.folka-danse-vendee.fr\/wp-content\/uploads\/2023\/11\/Maraichine-crepe.mp4\">https:\/\/www.folka-danse-vendee.fr\/wp-content\/uploads\/2023\/11\/Maraichine-crepe.mp4<\/a><\/video><\/div>\n","protected":false},"excerpt":{"rendered":"<p>Cette page n&rsquo;a pas de pr\u00e9tention particuli\u00e8re. Elle sert juste de support de base aux danseurs afin qu&rsquo;ils puissent retrouver des danses rencontr\u00e9es en Stage, en Bal Folk, ou en [&hellip;]<\/p>\n","protected":false},"author":2,"featured_media":0,"parent":486,"menu_order":0,"comment_status":"closed","ping_status":"closed","template":"","meta":{"footnotes":""},"class_list":["post-487","page","type-page","status-publish","hentry"],"yoast_head":"<!-- This site is optimized with the Yoast SEO plugin v26.9 - https:\/\/yoast.com\/product\/yoast-seo-wordpress\/ -->\n<title>Danses Poitevines - Folka-Danse<\/title>\n<meta name=\"robots\" content=\"index, follow, max-snippet:-1, max-image-preview:large, max-video-preview:-1\" \/>\n<link rel=\"canonical\" href=\"https:\/\/www.folka-danse-vendee.fr\/index.php\/les-danses-trad\/danses-poitevines\/\" \/>\n<meta property=\"og:locale\" content=\"fr_FR\" \/>\n<meta property=\"og:type\" content=\"article\" \/>\n<meta property=\"og:title\" content=\"Danses Poitevines - Folka-Danse\" \/>\n<meta property=\"og:description\" content=\"Cette page n&rsquo;a pas de pr\u00e9tention particuli\u00e8re. Elle sert juste de support de base aux danseurs afin qu&rsquo;ils puissent retrouver des danses rencontr\u00e9es en Stage, en Bal Folk, ou en [&hellip;]\" \/>\n<meta property=\"og:url\" content=\"https:\/\/www.folka-danse-vendee.fr\/index.php\/les-danses-trad\/danses-poitevines\/\" \/>\n<meta property=\"og:site_name\" content=\"Folka-Danse\" \/>\n<meta property=\"article:modified_time\" content=\"2023-11-26T00:05:49+00:00\" \/>\n<meta name=\"twitter:card\" content=\"summary_large_image\" \/>\n<meta name=\"twitter:label1\" content=\"Dur\u00e9e de lecture estim\u00e9e\" \/>\n\t<meta name=\"twitter:data1\" content=\"2 minutes\" \/>\n<script type=\"application\/ld+json\" class=\"yoast-schema-graph\">{\"@context\":\"https:\/\/schema.org\",\"@graph\":[{\"@type\":\"WebPage\",\"@id\":\"https:\/\/www.folka-danse-vendee.fr\/index.php\/les-danses-trad\/danses-poitevines\/\",\"url\":\"https:\/\/www.folka-danse-vendee.fr\/index.php\/les-danses-trad\/danses-poitevines\/\",\"name\":\"Danses Poitevines - Folka-Danse\",\"isPartOf\":{\"@id\":\"https:\/\/www.folka-danse-vendee.fr\/#website\"},\"datePublished\":\"2023-11-16T16:29:21+00:00\",\"dateModified\":\"2023-11-26T00:05:49+00:00\",\"breadcrumb\":{\"@id\":\"https:\/\/www.folka-danse-vendee.fr\/index.php\/les-danses-trad\/danses-poitevines\/#breadcrumb\"},\"inLanguage\":\"fr-FR\",\"potentialAction\":[{\"@type\":\"ReadAction\",\"target\":[\"https:\/\/www.folka-danse-vendee.fr\/index.php\/les-danses-trad\/danses-poitevines\/\"]}]},{\"@type\":\"BreadcrumbList\",\"@id\":\"https:\/\/www.folka-danse-vendee.fr\/index.php\/les-danses-trad\/danses-poitevines\/#breadcrumb\",\"itemListElement\":[{\"@type\":\"ListItem\",\"position\":1,\"name\":\"Accueil\",\"item\":\"https:\/\/www.folka-danse-vendee.fr\/\"},{\"@type\":\"ListItem\",\"position\":2,\"name\":\"Les danses trad&#8217;\",\"item\":\"https:\/\/www.folka-danse-vendee.fr\/index.php\/les-danses-trad\/\"},{\"@type\":\"ListItem\",\"position\":3,\"name\":\"Danses Poitevines\"}]},{\"@type\":\"WebSite\",\"@id\":\"https:\/\/www.folka-danse-vendee.fr\/#website\",\"url\":\"https:\/\/www.folka-danse-vendee.fr\/\",\"name\":\"http:\/\/www.folka-danse-vendee.fr\/\",\"description\":\"On danse pour le plaisir !\",\"publisher\":{\"@id\":\"https:\/\/www.folka-danse-vendee.fr\/#organization\"},\"potentialAction\":[{\"@type\":\"SearchAction\",\"target\":{\"@type\":\"EntryPoint\",\"urlTemplate\":\"https:\/\/www.folka-danse-vendee.fr\/?s={search_term_string}\"},\"query-input\":{\"@type\":\"PropertyValueSpecification\",\"valueRequired\":true,\"valueName\":\"search_term_string\"}}],\"inLanguage\":\"fr-FR\"},{\"@type\":\"Organization\",\"@id\":\"https:\/\/www.folka-danse-vendee.fr\/#organization\",\"name\":\"Folka-Danse\",\"url\":\"https:\/\/www.folka-danse-vendee.fr\/\",\"logo\":{\"@type\":\"ImageObject\",\"inLanguage\":\"fr-FR\",\"@id\":\"https:\/\/www.folka-danse-vendee.fr\/#\/schema\/logo\/image\/\",\"url\":\"http:\/\/www.folka-danse-vendee.fr\/wp-content\/uploads\/2023\/11\/logo_folka_danse.png\",\"contentUrl\":\"http:\/\/www.folka-danse-vendee.fr\/wp-content\/uploads\/2023\/11\/logo_folka_danse.png\",\"width\":278,\"height\":215,\"caption\":\"Folka-Danse\"},\"image\":{\"@id\":\"https:\/\/www.folka-danse-vendee.fr\/#\/schema\/logo\/image\/\"}}]}<\/script>\n<!-- \/ Yoast SEO plugin. -->","yoast_head_json":{"title":"Danses Poitevines - Folka-Danse","robots":{"index":"index","follow":"follow","max-snippet":"max-snippet:-1","max-image-preview":"max-image-preview:large","max-video-preview":"max-video-preview:-1"},"canonical":"https:\/\/www.folka-danse-vendee.fr\/index.php\/les-danses-trad\/danses-poitevines\/","og_locale":"fr_FR","og_type":"article","og_title":"Danses Poitevines - Folka-Danse","og_description":"Cette page n&rsquo;a pas de pr\u00e9tention particuli\u00e8re. Elle sert juste de support de base aux danseurs afin qu&rsquo;ils puissent retrouver des danses rencontr\u00e9es en Stage, en Bal Folk, ou en [&hellip;]","og_url":"https:\/\/www.folka-danse-vendee.fr\/index.php\/les-danses-trad\/danses-poitevines\/","og_site_name":"Folka-Danse","article_modified_time":"2023-11-26T00:05:49+00:00","twitter_card":"summary_large_image","twitter_misc":{"Dur\u00e9e de lecture estim\u00e9e":"2 minutes"},"schema":{"@context":"https:\/\/schema.org","@graph":[{"@type":"WebPage","@id":"https:\/\/www.folka-danse-vendee.fr\/index.php\/les-danses-trad\/danses-poitevines\/","url":"https:\/\/www.folka-danse-vendee.fr\/index.php\/les-danses-trad\/danses-poitevines\/","name":"Danses Poitevines - Folka-Danse","isPartOf":{"@id":"https:\/\/www.folka-danse-vendee.fr\/#website"},"datePublished":"2023-11-16T16:29:21+00:00","dateModified":"2023-11-26T00:05:49+00:00","breadcrumb":{"@id":"https:\/\/www.folka-danse-vendee.fr\/index.php\/les-danses-trad\/danses-poitevines\/#breadcrumb"},"inLanguage":"fr-FR","potentialAction":[{"@type":"ReadAction","target":["https:\/\/www.folka-danse-vendee.fr\/index.php\/les-danses-trad\/danses-poitevines\/"]}]},{"@type":"BreadcrumbList","@id":"https:\/\/www.folka-danse-vendee.fr\/index.php\/les-danses-trad\/danses-poitevines\/#breadcrumb","itemListElement":[{"@type":"ListItem","position":1,"name":"Accueil","item":"https:\/\/www.folka-danse-vendee.fr\/"},{"@type":"ListItem","position":2,"name":"Les danses trad&#8217;","item":"https:\/\/www.folka-danse-vendee.fr\/index.php\/les-danses-trad\/"},{"@type":"ListItem","position":3,"name":"Danses Poitevines"}]},{"@type":"WebSite","@id":"https:\/\/www.folka-danse-vendee.fr\/#website","url":"https:\/\/www.folka-danse-vendee.fr\/","name":"http:\/\/www.folka-danse-vendee.fr\/","description":"On danse pour le plaisir !","publisher":{"@id":"https:\/\/www.folka-danse-vendee.fr\/#organization"},"potentialAction":[{"@type":"SearchAction","target":{"@type":"EntryPoint","urlTemplate":"https:\/\/www.folka-danse-vendee.fr\/?s={search_term_string}"},"query-input":{"@type":"PropertyValueSpecification","valueRequired":true,"valueName":"search_term_string"}}],"inLanguage":"fr-FR"},{"@type":"Organization","@id":"https:\/\/www.folka-danse-vendee.fr\/#organization","name":"Folka-Danse","url":"https:\/\/www.folka-danse-vendee.fr\/","logo":{"@type":"ImageObject","inLanguage":"fr-FR","@id":"https:\/\/www.folka-danse-vendee.fr\/#\/schema\/logo\/image\/","url":"http:\/\/www.folka-danse-vendee.fr\/wp-content\/uploads\/2023\/11\/logo_folka_danse.png","contentUrl":"http:\/\/www.folka-danse-vendee.fr\/wp-content\/uploads\/2023\/11\/logo_folka_danse.png","width":278,"height":215,"caption":"Folka-Danse"},"image":{"@id":"https:\/\/www.folka-danse-vendee.fr\/#\/schema\/logo\/image\/"}}]}},"_links":{"self":[{"href":"https:\/\/www.folka-danse-vendee.fr\/index.php\/wp-json\/wp\/v2\/pages\/487","targetHints":{"allow":["GET"]}}],"collection":[{"href":"https:\/\/www.folka-danse-vendee.fr\/index.php\/wp-json\/wp\/v2\/pages"}],"about":[{"href":"https:\/\/www.folka-danse-vendee.fr\/index.php\/wp-json\/wp\/v2\/types\/page"}],"author":[{"embeddable":true,"href":"https:\/\/www.folka-danse-vendee.fr\/index.php\/wp-json\/wp\/v2\/users\/2"}],"replies":[{"embeddable":true,"href":"https:\/\/www.folka-danse-vendee.fr\/index.php\/wp-json\/wp\/v2\/comments?post=487"}],"version-history":[{"count":5,"href":"https:\/\/www.folka-danse-vendee.fr\/index.php\/wp-json\/wp\/v2\/pages\/487\/revisions"}],"predecessor-version":[{"id":540,"href":"https:\/\/www.folka-danse-vendee.fr\/index.php\/wp-json\/wp\/v2\/pages\/487\/revisions\/540"}],"up":[{"embeddable":true,"href":"https:\/\/www.folka-danse-vendee.fr\/index.php\/wp-json\/wp\/v2\/pages\/486"}],"wp:attachment":[{"href":"https:\/\/www.folka-danse-vendee.fr\/index.php\/wp-json\/wp\/v2\/media?parent=487"}],"curies":[{"name":"wp","href":"https:\/\/api.w.org\/{rel}","templated":true}]}}